{"id":65,"date":"2023-06-19T11:10:35","date_gmt":"2023-06-19T09:10:35","guid":{"rendered":"https:\/\/www.residenceleliberte-vannescentre.com\/?page_id=65"},"modified":"2025-06-20T09:37:44","modified_gmt":"2025-06-20T07:37:44","slug":"partners-appart-hotel-vannes-centre","status":"publish","type":"page","link":"https:\/\/www.residenceleliberte-vannescentre.com\/en\/partners-appart-hotel-vannes-centre\/","title":{"rendered":"Nearby services"},"content":{"rendered":"<div data-elementor-type=\"wp-page\" data-elementor-id=\"65\" class=\"elementor elementor-65\" data-elementor-post-type=\"page\">\n\t\t\t\t<div class=\"elementor-element elementor-element-c38c39f e-con-full e-flex e-con e-parent\" data-id=\"c38c39f\" data-element_type=\"container\" data-settings=\"{&quot;background_background&quot;:&quot;classic&quot;}\">\n\t\t\t\t<div class=\"elementor-element elementor-element-c0c05d3 elementor-widget elementor-widget-heading\" data-id=\"c0c05d3\" data-element_type=\"widget\" data-widget_type=\"heading.default\">\n\t\t\t\t<div class=\"elementor-widget-container\">\n\t\t\t\t\t<span class=\"elementor-heading-title elementor-size-default\">Services<\/br> nearby<\/span>\t\t\t\t<\/div>\n\t\t\t\t<\/div>\n\t\t\t\t<div class=\"elementor-element elementor-element-c079ed8 elementor-widget-mobile__width-initial elementor-widget elementor-widget-heading\" data-id=\"c079ed8\" data-element_type=\"widget\" data-widget_type=\"heading.default\">\n\t\t\t\t<div class=\"elementor-widget-container\">\n\t\t\t\t\t<h1 class=\"elementor-heading-title elementor-size-default\">Appart H\u00f4tel Vannes centre<\/h1>\t\t\t\t<\/div>\n\t\t\t\t<\/div>\n\t\t\t\t<\/div>\n\t\t<div class=\"elementor-element elementor-element-9a6cf54 e-con-full fade-bloc e-flex e-con e-parent\" data-id=\"9a6cf54\" data-element_type=\"container\">\n\t\t<div class=\"elementor-element elementor-element-41e0804 e-con-full fade-content e-flex e-con e-child\" data-id=\"41e0804\" data-element_type=\"container\" data-settings=\"{&quot;background_background&quot;:&quot;classic&quot;}\">\n\t\t<div class=\"elementor-element elementor-element-dc00ae0 e-flex e-con-boxed e-con e-child\" data-id=\"dc00ae0\" data-element_type=\"container\">\n\t\t\t\t\t<div class=\"e-con-inner\">\n\t\t\t\t<div class=\"elementor-element elementor-element-2f5b9f6 fade-title elementor-widget elementor-widget-heading\" data-id=\"2f5b9f6\" data-element_type=\"widget\" data-widget_type=\"heading.default\">\n\t\t\t\t<div class=\"elementor-widget-container\">\n\t\t\t\t\t<h2 class=\"elementor-heading-title elementor-size-default\">C\u00f4t\u00e9 Patio<\/h2>\t\t\t\t<\/div>\n\t\t\t\t<\/div>\n\t\t\t\t<div class=\"elementor-element elementor-element-48ab943 fade-text elementor-widget elementor-widget-text-editor\" data-id=\"48ab943\" data-element_type=\"widget\" data-widget_type=\"text-editor.default\">\n\t\t\t\t<div class=\"elementor-widget-container\">\n\t\t\t\t\t\t\t\t\t<p>Our Appart H\u00f4tel in Vannes centre is called Le Libert\u00e9 to give you flexibility and adapt to your needs! For a gourmet discovery, take advantage of the quality restaurants right next to your accommodation.<br \/>For food and drink, discover our partner\u00a0<span style=\"color: var( --e-global-color-text ); letter-spacing: 1.35px; background-color: var( --e-global-color-secondary );\">\"C\u00f4t\u00e9 Patio\", the brasserie serving daily specialities in a modern, tropical atmosphere (-10% on your bill).<\/span><\/p>\t\t\t\t\t\t\t\t<\/div>\n\t\t\t\t<\/div>\n\t\t\t\t<div class=\"elementor-element elementor-element-f7b55ea elementor-widget elementor-widget-button\" data-id=\"f7b55ea\" data-element_type=\"widget\" data-widget_type=\"button.default\">\n\t\t\t\t<div class=\"elementor-widget-container\">\n\t\t\t\t\t\t\t\t\t<div class=\"elementor-button-wrapper\">\n\t\t\t\t\t<a class=\"elementor-button elementor-button-link elementor-size-sm\" href=\"https:\/\/www.assiwa.fr\/medias\/bw\/Cote%20Patio%20-%20Carte%20de%20restaurant.pdf\" target=\"_blank\" rel=\"nofollow noopener\">\n\t\t\t\t\t\t<span class=\"elementor-button-content-wrapper\">\n\t\t\t\t\t\t<span class=\"elementor-button-icon\">\n\t\t\t\t<i aria-hidden=\"true\" class=\"eliofont eliofont-room-service\"><\/i>\t\t\t<\/span>\n\t\t\t\t\t\t\t\t\t<span class=\"elementor-button-text\">See the map<\/span>\n\t\t\t\t\t<\/span>\n\t\t\t\t\t<\/a>\n\t\t\t\t<\/div>\n\t\t\t\t\t\t\t\t<\/div>\n\t\t\t\t<\/div>\n\t\t\t\t\t<\/div>\n\t\t\t\t<\/div>\n\t\t\t\t<\/div>\n\t\t<div class=\"elementor-element elementor-element-e9edbbb e-con-full e-flex e-con e-child\" data-id=\"e9edbbb\" data-element_type=\"container\" data-settings=\"{&quot;background_background&quot;:&quot;classic&quot;}\">\n\t\t\t\t<\/div>\n\t\t\t\t<\/div>\n\t\t<div class=\"elementor-element elementor-element-099f193 e-con-full e-flex e-con e-parent\" data-id=\"099f193\" data-element_type=\"container\" data-settings=\"{&quot;background_background&quot;:&quot;classic&quot;}\">\n\t\t\t\t<div class=\"elementor-element elementor-element-540003b elementor-widget elementor-widget-heading\" data-id=\"540003b\" data-element_type=\"widget\" data-settings=\"{&quot;sticky&quot;:&quot;bottom&quot;,&quot;sticky_on&quot;:[&quot;desktop&quot;],&quot;sticky_parent&quot;:&quot;yes&quot;,&quot;sticky_offset&quot;:0,&quot;sticky_effects_offset&quot;:0,&quot;sticky_anchor_link_offset&quot;:0}\" data-widget_type=\"heading.default\">\n\t\t\t\t<div class=\"elementor-widget-container\">\n\t\t\t\t\t<h2 class=\"elementor-heading-title elementor-size-default\">A l'Image Sainte-Anne<\/h2>\t\t\t\t<\/div>\n\t\t\t\t<\/div>\n\t\t\t\t<div class=\"elementor-element elementor-element-26f63e9 elementor-widget elementor-widget-text-editor\" data-id=\"26f63e9\" data-element_type=\"widget\" data-widget_type=\"text-editor.default\">\n\t\t\t\t<div class=\"elementor-widget-container\">\n\t\t\t\t\t\t\t\t\t<p>The \"\u00c0 l'Image Sainte-Anne\" restaurant, awarded the \"Ma\u00eetre Restaurateur\" label, is a historic address in Vannes.<\/p>\n<p><span style=\"color: var( --e-global-color-60612b8 ); letter-spacing: 1.35px; text-align: var(--text-align);\">Recently renovated, i<\/span><span style=\"color: var( --e-global-color-60612b8 ); letter-spacing: 1.35px; text-align: var(--text-align);\">l offers creative, traditional cuisine that is sure to delight even the most demanding palates.<\/span><\/p><p><span style=\"letter-spacing: 1.35px; color: var( --e-global-color-60612b8 ); text-align: var(--text-align);\">Located just a stone's throw from your Appart H\u00f4tel, don't miss out on this fine Vannes restaurant!<\/span><\/p>\t\t\t\t\t\t\t\t<\/div>\n\t\t\t\t<\/div>\n\t\t\t\t<\/div>\n\t\t<div class=\"elementor-element elementor-element-5b7d268 e-con-full fade-bloc e-flex e-con e-parent\" data-id=\"5b7d268\" data-element_type=\"container\">\n\t\t<div class=\"elementor-element elementor-element-a79d57c e-con-full fade-content e-flex e-con e-child\" data-id=\"a79d57c\" data-element_type=\"container\" data-settings=\"{&quot;background_background&quot;:&quot;classic&quot;}\">\n\t\t<div class=\"elementor-element elementor-element-63e8ab3 e-flex e-con-boxed e-con e-child\" data-id=\"63e8ab3\" data-element_type=\"container\">\n\t\t\t\t\t<div class=\"e-con-inner\">\n\t\t\t\t<div class=\"elementor-element elementor-element-48ff171 fade-title elementor-widget elementor-widget-heading\" data-id=\"48ff171\" data-element_type=\"widget\" data-widget_type=\"heading.default\">\n\t\t\t\t<div class=\"elementor-widget-container\">\n\t\t\t\t\t<h2 class=\"elementor-heading-title elementor-size-default\">Fitness Area &amp; Japanese Sauna<\/h2>\t\t\t\t<\/div>\n\t\t\t\t<\/div>\n\t\t\t\t<div class=\"elementor-element elementor-element-91aaa8e fade-text elementor-widget elementor-widget-text-editor\" data-id=\"91aaa8e\" data-element_type=\"widget\" data-widget_type=\"text-editor.default\">\n\t\t\t\t<div class=\"elementor-widget-container\">\n\t\t\t\t\t\t\t\t\tWe have access to the fitness area and Japanese sauna in the hotel next door. Ideal for staying in shape or getting back into the swing of things during your stay in Vannes. The Japanese sauna and its many benefits are also available for you to relax and pamper yourself.\t\t\t\t\t\t\t\t<\/div>\n\t\t\t\t<\/div>\n\t\t\t\t\t<\/div>\n\t\t\t\t<\/div>\n\t\t\t\t<\/div>\n\t\t<div class=\"elementor-element elementor-element-33650a7 e-con-full e-flex e-con e-child\" data-id=\"33650a7\" data-element_type=\"container\" data-settings=\"{&quot;background_background&quot;:&quot;classic&quot;}\">\n\t\t\t\t<\/div>\n\t\t\t\t<\/div>\n\t\t<div class=\"elementor-element elementor-element-fe149d4 e-con-full fade-bloc e-flex e-con e-parent\" data-id=\"fe149d4\" data-element_type=\"container\">\n\t\t<div class=\"elementor-element elementor-element-74ea895 e-con-full fade-content e-flex e-con e-child\" data-id=\"74ea895\" data-element_type=\"container\" data-settings=\"{&quot;background_background&quot;:&quot;classic&quot;}\">\n\t\t<div class=\"elementor-element elementor-element-bbb84af e-flex e-con-boxed e-con e-child\" data-id=\"bbb84af\" data-element_type=\"container\">\n\t\t\t\t\t<div class=\"e-con-inner\">\n\t\t\t\t<div class=\"elementor-element elementor-element-1f8189a fade-title elementor-widget elementor-widget-heading\" data-id=\"1f8189a\" data-element_type=\"widget\" data-widget_type=\"heading.default\">\n\t\t\t\t<div class=\"elementor-widget-container\">\n\t\t\t\t\t<h2 class=\"elementor-heading-title elementor-size-default\">Everything you need within 5 minutes' walk<\/h2>\t\t\t\t<\/div>\n\t\t\t\t<\/div>\n\t\t\t\t<div class=\"elementor-element elementor-element-3660a85 fade-text elementor-widget elementor-widget-text-editor\" data-id=\"3660a85\" data-element_type=\"widget\" data-widget_type=\"text-editor.default\">\n\t\t\t\t<div class=\"elementor-widget-container\">\n\t\t\t\t\t\t\t\t\t<p>Just a stone's throw from our Appart H\u00f4tel you'll find: bakeries and patisseries, mini-market, launderette, tobacconist, newsagent, bars and restaurants, hairdresser, wine cellar, bus stop. Everything you need for a great stay in Vannes!<\/p>\t\t\t\t\t\t\t\t<\/div>\n\t\t\t\t<\/div>\n\t\t\t\t\t<\/div>\n\t\t\t\t<\/div>\n\t\t\t\t<\/div>\n\t\t<div class=\"elementor-element elementor-element-3cf91a1 e-con-full e-flex e-con e-child\" data-id=\"3cf91a1\" data-element_type=\"container\" data-settings=\"{&quot;background_background&quot;:&quot;slideshow&quot;,&quot;background_slideshow_gallery&quot;:[{&quot;id&quot;:3430,&quot;url&quot;:&quot;https:\\\/\\\/www.residenceleliberte-vannescentre.com\\\/wp-content\\\/uploads\\\/2024\\\/05\\\/GettyImages-1457584676.jpg&quot;},{&quot;id&quot;:3728,&quot;url&quot;:&quot;https:\\\/\\\/www.residenceleliberte-vannescentre.com\\\/wp-content\\\/uploads\\\/2024\\\/05\\\/Boulangerie-Pomme-damour-Vannes-3.jpg&quot;},{&quot;id&quot;:4029,&quot;url&quot;:&quot;https:\\\/\\\/www.residenceleliberte-vannescentre.com\\\/wp-content\\\/uploads\\\/2024\\\/06\\\/GettyImages-498997034-scaled.jpg&quot;},{&quot;id&quot;:4030,&quot;url&quot;:&quot;https:\\\/\\\/www.residenceleliberte-vannescentre.com\\\/wp-content\\\/uploads\\\/2024\\\/06\\\/GettyImages-85630141-scaled.jpg&quot;},{&quot;id&quot;:4031,&quot;url&quot;:&quot;https:\\\/\\\/www.residenceleliberte-vannescentre.com\\\/wp-content\\\/uploads\\\/2024\\\/06\\\/GettyImages-617735318-scaled.jpg&quot;}],&quot;background_slideshow_slide_duration&quot;:3000,&quot;background_slideshow_loop&quot;:&quot;yes&quot;,&quot;background_slideshow_slide_transition&quot;:&quot;fade&quot;,&quot;background_slideshow_transition_duration&quot;:500}\">\n\t\t\t\t<\/div>\n\t\t\t\t<\/div>\n\t\t<div class=\"elementor-element elementor-element-49126ef e-con-full e-flex e-con e-parent\" data-id=\"49126ef\" data-element_type=\"container\" data-settings=\"{&quot;background_background&quot;:&quot;classic&quot;}\">\n\t\t\t\t<div class=\"elementor-element elementor-element-93e5811 elementor-widget elementor-widget-heading\" data-id=\"93e5811\" data-element_type=\"widget\" data-settings=\"{&quot;sticky&quot;:&quot;bottom&quot;,&quot;sticky_on&quot;:[&quot;desktop&quot;],&quot;sticky_parent&quot;:&quot;yes&quot;,&quot;sticky_offset&quot;:0,&quot;sticky_effects_offset&quot;:0,&quot;sticky_anchor_link_offset&quot;:0}\" data-widget_type=\"heading.default\">\n\t\t\t\t<div class=\"elementor-widget-container\">\n\t\t\t\t\t<h2 class=\"elementor-heading-title elementor-size-default\">V\u00e9loc'Ouest<\/h2>\t\t\t\t<\/div>\n\t\t\t\t<\/div>\n\t\t\t\t<div class=\"elementor-element elementor-element-c383fa3 elementor-widget elementor-widget-text-editor\" data-id=\"c383fa3\" data-element_type=\"widget\" data-widget_type=\"text-editor.default\">\n\t\t\t\t<div class=\"elementor-widget-container\">\n\t\t\t\t\t\t\t\t\t<p>Bike hire delivered wherever you want, V\u00e9loc'Ouest gives you the opportunity to explore Morbihan at your own pace from our apartment hotel in Vannes centre.<br \/>Book your bike online and it will be delivered to you. You can then go for a ride on your two-wheeler and stop off at the port or take a stroll around the Gulf of Morbihan, using the many cycle paths in the region. VTC, mountain bikes or electric bikes, choose your bike!<br \/>Good to know: in July and August, V\u00e9loc'Ouest is present in the port of Vannes, so you can hire your bikes directly from the Quai \u00c9ric Tabarly.<br \/>8 minutes by car from your flat or 12 minutes by bike.<\/p>\t\t\t\t\t\t\t\t<\/div>\n\t\t\t\t<\/div>\n\t\t<div class=\"elementor-element elementor-element-454776c fade-maillage-button e-flex e-con-boxed e-con e-child\" data-id=\"454776c\" data-element_type=\"container\">\n\t\t\t\t\t<div class=\"e-con-inner\">\n\t\t\t\t<div class=\"elementor-element elementor-element-87cdaf3 elementor-align-center elementor-widget elementor-widget-button\" data-id=\"87cdaf3\" data-element_type=\"widget\" data-widget_type=\"button.default\">\n\t\t\t\t<div class=\"elementor-widget-container\">\n\t\t\t\t\t\t\t\t\t<div class=\"elementor-button-wrapper\">\n\t\t\t\t\t<a class=\"elementor-button elementor-button-link elementor-size-sm\" href=\"https:\/\/www.velocouest.fr\/reservation-en-ligne-de-velos-de-location\/\" target=\"_blank\" rel=\"nofollow noopener\">\n\t\t\t\t\t\t<span class=\"elementor-button-content-wrapper\">\n\t\t\t\t\t\t\t\t\t<span class=\"elementor-button-text\">Book<\/span>\n\t\t\t\t\t<\/span>\n\t\t\t\t\t<\/a>\n\t\t\t\t<\/div>\n\t\t\t\t\t\t\t\t<\/div>\n\t\t\t\t<\/div>\n\t\t\t\t\t<\/div>\n\t\t\t\t<\/div>\n\t\t\t\t<\/div>\n\t\t<div class=\"elementor-element elementor-element-f7084ed e-con-full fade-bloc e-flex e-con e-parent\" data-id=\"f7084ed\" data-element_type=\"container\">\n\t\t<div class=\"elementor-element elementor-element-eaca42f e-con-full fade-content e-flex e-con e-child\" data-id=\"eaca42f\" data-element_type=\"container\" data-settings=\"{&quot;background_background&quot;:&quot;classic&quot;}\">\n\t\t<div class=\"elementor-element elementor-element-80c2013 e-flex e-con-boxed e-con e-child\" data-id=\"80c2013\" data-element_type=\"container\">\n\t\t\t\t\t<div class=\"e-con-inner\">\n\t\t\t\t<div class=\"elementor-element elementor-element-5df8c26 fade-title elementor-widget elementor-widget-heading\" data-id=\"5df8c26\" data-element_type=\"widget\" data-widget_type=\"heading.default\">\n\t\t\t\t<div class=\"elementor-widget-container\">\n\t\t\t\t\t<h2 class=\"elementor-heading-title elementor-size-default\">Cruise in the Gulf of Morbihan<\/h2>\t\t\t\t<\/div>\n\t\t\t\t<\/div>\n\t\t\t\t<div class=\"elementor-element elementor-element-63c148e fade-text elementor-widget elementor-widget-text-editor\" data-id=\"63c148e\" data-element_type=\"widget\" data-widget_type=\"text-editor.default\">\n\t\t\t\t<div class=\"elementor-widget-container\">\n\t\t\t\t\t\t\t\t\t<p>With over a century's experience, the Navix shipping company is the benchmark for cruises in the Gulf of Morbihan and to the offshore islands. They offer cruises and crossings, as well as tailor-made services for groups. Discover the Gulf of Morbihan from Vannes ferry terminal!<br \/>8 minutes by car from your flat or 12 minutes by bike.<\/p>\t\t\t\t\t\t\t\t<\/div>\n\t\t\t\t<\/div>\n\t\t<div class=\"elementor-element elementor-element-f091e57 fade-maillage-button e-flex e-con-boxed e-con e-child\" data-id=\"f091e57\" data-element_type=\"container\">\n\t\t\t\t\t<div class=\"e-con-inner\">\n\t\t\t\t<div class=\"elementor-element elementor-element-23003ca elementor-align-center elementor-widget elementor-widget-button\" data-id=\"23003ca\" data-element_type=\"widget\" data-widget_type=\"button.default\">\n\t\t\t\t<div class=\"elementor-widget-container\">\n\t\t\t\t\t\t\t\t\t<div class=\"elementor-button-wrapper\">\n\t\t\t\t\t<a class=\"elementor-button elementor-button-link elementor-size-sm\" href=\"https:\/\/www.navix.fr\/ports-de-depart\/vannes\/\" target=\"_blank\" rel=\"nofollow noopener\">\n\t\t\t\t\t\t<span class=\"elementor-button-content-wrapper\">\n\t\t\t\t\t\t\t\t\t<span class=\"elementor-button-text\">Book<\/span>\n\t\t\t\t\t<\/span>\n\t\t\t\t\t<\/a>\n\t\t\t\t<\/div>\n\t\t\t\t\t\t\t\t<\/div>\n\t\t\t\t<\/div>\n\t\t\t\t\t<\/div>\n\t\t\t\t<\/div>\n\t\t\t\t\t<\/div>\n\t\t\t\t<\/div>\n\t\t\t\t<\/div>\n\t\t<div class=\"elementor-element elementor-element-234e861 e-con-full e-flex e-con e-child\" data-id=\"234e861\" data-element_type=\"container\" data-settings=\"{&quot;background_background&quot;:&quot;classic&quot;}\">\n\t\t\t\t<\/div>\n\t\t\t\t<\/div>\n\t\t<div class=\"elementor-element elementor-element-870f52d e-con-full e-flex e-con e-parent\" data-id=\"870f52d\" data-element_type=\"container\">\n\t\t<div class=\"elementor-element elementor-element-d1e89af fade-maillage-container e-flex e-con-boxed e-con e-child\" data-id=\"d1e89af\" data-element_type=\"container\" data-settings=\"{&quot;background_background&quot;:&quot;classic&quot;}\">\n\t\t\t\t\t<div class=\"e-con-inner\">\n\t\t<div class=\"elementor-element elementor-element-c2b74f2 fade-maillage-block e-flex e-con-boxed e-con e-child\" data-id=\"c2b74f2\" data-element_type=\"container\">\n\t\t\t\t\t<div class=\"e-con-inner\">\n\t\t\t\t<div class=\"elementor-element elementor-element-f36543c fade-maillage-title elementor-widget elementor-widget-heading\" data-id=\"f36543c\" data-element_type=\"widget\" data-widget_type=\"heading.default\">\n\t\t\t\t<div class=\"elementor-widget-container\">\n\t\t\t\t\t<h2 class=\"elementor-heading-title elementor-size-default\">The flats<\/h2>\t\t\t\t<\/div>\n\t\t\t\t<\/div>\n\t\t<div class=\"elementor-element elementor-element-8616aa4 fade-maillage-button e-flex e-con-boxed e-con e-child\" data-id=\"8616aa4\" data-element_type=\"container\">\n\t\t\t\t\t<div class=\"e-con-inner\">\n\t\t\t\t<div class=\"elementor-element elementor-element-af3f2af elementor-align-justify elementor-widget elementor-widget-button\" data-id=\"af3f2af\" data-element_type=\"widget\" data-widget_type=\"button.default\">\n\t\t\t\t<div class=\"elementor-widget-container\">\n\t\t\t\t\t\t\t\t\t<div class=\"elementor-button-wrapper\">\n\t\t\t\t\t<a class=\"elementor-button elementor-button-link elementor-size-sm\" href=\"https:\/\/www.residenceleliberte-vannescentre.com\/en\/flat-hotel-vannes\/\" target=\"_blank\">\n\t\t\t\t\t\t<span class=\"elementor-button-content-wrapper\">\n\t\t\t\t\t\t\t\t\t<span class=\"elementor-button-text\">Discover<\/span>\n\t\t\t\t\t<\/span>\n\t\t\t\t\t<\/a>\n\t\t\t\t<\/div>\n\t\t\t\t\t\t\t\t<\/div>\n\t\t\t\t<\/div>\n\t\t\t\t\t<\/div>\n\t\t\t\t<\/div>\n\t\t\t\t\t<\/div>\n\t\t\t\t<\/div>\n\t\t\t\t\t<\/div>\n\t\t\t\t<\/div>\n\t\t<div class=\"elementor-element elementor-element-af0ba30 fade-maillage-container e-flex e-con-boxed e-con e-child\" data-id=\"af0ba30\" data-element_type=\"container\" data-settings=\"{&quot;background_background&quot;:&quot;classic&quot;}\">\n\t\t\t\t\t<div class=\"e-con-inner\">\n\t\t<div class=\"elementor-element elementor-element-080ed21 fade-maillage-block e-flex e-con-boxed e-con e-child\" data-id=\"080ed21\" data-element_type=\"container\">\n\t\t\t\t\t<div class=\"e-con-inner\">\n\t\t\t\t<div class=\"elementor-element elementor-element-35c8332 fade-maillage-title elementor-widget elementor-widget-heading\" data-id=\"35c8332\" data-element_type=\"widget\" data-widget_type=\"heading.default\">\n\t\t\t\t<div class=\"elementor-widget-container\">\n\t\t\t\t\t<h2 class=\"elementor-heading-title elementor-size-default\">Our special offers<\/h2>\t\t\t\t<\/div>\n\t\t\t\t<\/div>\n\t\t<div class=\"elementor-element elementor-element-a1facc7 fade-maillage-button e-flex e-con-boxed e-con e-child\" data-id=\"a1facc7\" data-element_type=\"container\">\n\t\t\t\t\t<div class=\"e-con-inner\">\n\t\t\t\t<div class=\"elementor-element elementor-element-6b3c6cc elementor-align-justify elementor-widget elementor-widget-button\" data-id=\"6b3c6cc\" data-element_type=\"widget\" data-widget_type=\"button.default\">\n\t\t\t\t<div class=\"elementor-widget-container\">\n\t\t\t\t\t\t\t\t\t<div class=\"elementor-button-wrapper\">\n\t\t\t\t\t<a class=\"elementor-button elementor-button-link elementor-size-sm\" href=\"https:\/\/www.residenceleliberte-vannescentre.com\/en\/special-offers\/\" target=\"_blank\">\n\t\t\t\t\t\t<span class=\"elementor-button-content-wrapper\">\n\t\t\t\t\t\t\t\t\t<span class=\"elementor-button-text\">Discover<\/span>\n\t\t\t\t\t<\/span>\n\t\t\t\t\t<\/a>\n\t\t\t\t<\/div>\n\t\t\t\t\t\t\t\t<\/div>\n\t\t\t\t<\/div>\n\t\t\t\t\t<\/div>\n\t\t\t\t<\/div>\n\t\t\t\t\t<\/div>\n\t\t\t\t<\/div>\n\t\t\t\t\t<\/div>\n\t\t\t\t<\/div>\n\t\t<div class=\"elementor-element elementor-element-9726ecb fade-maillage-container e-flex e-con-boxed e-con e-child\" data-id=\"9726ecb\" data-element_type=\"container\" data-settings=\"{&quot;background_background&quot;:&quot;classic&quot;}\">\n\t\t\t\t\t<div class=\"e-con-inner\">\n\t\t<div class=\"elementor-element elementor-element-ddd7fe4 fade-maillage-block e-flex e-con-boxed e-con e-child\" data-id=\"ddd7fe4\" data-element_type=\"container\">\n\t\t\t\t\t<div class=\"e-con-inner\">\n\t\t\t\t<div class=\"elementor-element elementor-element-30578cf fade-maillage-title elementor-widget elementor-widget-heading\" data-id=\"30578cf\" data-element_type=\"widget\" data-widget_type=\"heading.default\">\n\t\t\t\t<div class=\"elementor-widget-container\">\n\t\t\t\t\t<h2 class=\"elementor-heading-title elementor-size-default\">Tourism<\/h2>\t\t\t\t<\/div>\n\t\t\t\t<\/div>\n\t\t<div class=\"elementor-element elementor-element-9466bc9 fade-maillage-button e-flex e-con-boxed e-con e-child\" data-id=\"9466bc9\" data-element_type=\"container\">\n\t\t\t\t\t<div class=\"e-con-inner\">\n\t\t\t\t<div class=\"elementor-element elementor-element-122f66d elementor-align-justify elementor-widget elementor-widget-button\" data-id=\"122f66d\" data-element_type=\"widget\" data-widget_type=\"button.default\">\n\t\t\t\t<div class=\"elementor-widget-container\">\n\t\t\t\t\t\t\t\t\t<div class=\"elementor-button-wrapper\">\n\t\t\t\t\t<a class=\"elementor-button elementor-button-link elementor-size-sm\" href=\"https:\/\/www.residenceleliberte-vannescentre.com\/en\/tourism\/\" target=\"_blank\">\n\t\t\t\t\t\t<span class=\"elementor-button-content-wrapper\">\n\t\t\t\t\t\t\t\t\t<span class=\"elementor-button-text\">Discover<\/span>\n\t\t\t\t\t<\/span>\n\t\t\t\t\t<\/a>\n\t\t\t\t<\/div>\n\t\t\t\t\t\t\t\t<\/div>\n\t\t\t\t<\/div>\n\t\t\t\t\t<\/div>\n\t\t\t\t<\/div>\n\t\t\t\t\t<\/div>\n\t\t\t\t<\/div>\n\t\t\t\t\t<\/div>\n\t\t\t\t<\/div>\n\t\t\t\t<\/div>\n\t\t\t\t<\/div>","protected":false},"excerpt":{"rendered":"<p>Nearby services Appart H\u00f4tel Vannes centre C\u00f4t\u00e9 Patio If our Appart H\u00f4tel in Vannes centre is called Le Libert\u00e9, it's because we want to offer you flexibility and adapt to your needs! For a gourmet experience, take advantage of the quality restaurants right next to your accommodation and discover our partner \"C\u00f4t\u00e9 Patio\".<\/p>","protected":false},"author":7,"featured_media":0,"parent":0,"menu_order":0,"comment_status":"closed","ping_status":"closed","template":"","meta":{"_acf_changed":false,"inline_featured_image":false,"footnotes":""},"class_list":["post-65","page","type-page","status-publish","hentry"],"acf":[],"_links":{"self":[{"href":"https:\/\/www.residenceleliberte-vannescentre.com\/en\/wp-json\/wp\/v2\/pages\/65","targetHints":{"allow":["GET"]}}],"collection":[{"href":"https:\/\/www.residenceleliberte-vannescentre.com\/en\/wp-json\/wp\/v2\/pages"}],"about":[{"href":"https:\/\/www.residenceleliberte-vannescentre.com\/en\/wp-json\/wp\/v2\/types\/page"}],"author":[{"embeddable":true,"href":"https:\/\/www.residenceleliberte-vannescentre.com\/en\/wp-json\/wp\/v2\/users\/7"}],"replies":[{"embeddable":true,"href":"https:\/\/www.residenceleliberte-vannescentre.com\/en\/wp-json\/wp\/v2\/comments?post=65"}],"version-history":[{"count":242,"href":"https:\/\/www.residenceleliberte-vannescentre.com\/en\/wp-json\/wp\/v2\/pages\/65\/revisions"}],"predecessor-version":[{"id":4711,"href":"https:\/\/www.residenceleliberte-vannescentre.com\/en\/wp-json\/wp\/v2\/pages\/65\/revisions\/4711"}],"wp:attachment":[{"href":"https:\/\/www.residenceleliberte-vannescentre.com\/en\/wp-json\/wp\/v2\/media?parent=65"}],"curies":[{"name":"wp","href":"https:\/\/api.w.org\/{rel}","templated":true}]}}