{"id":1498,"date":"2023-07-04T12:22:06","date_gmt":"2023-07-04T10:22:06","guid":{"rendered":"https:\/\/www.residenceleliberte-vannescentre.com\/?page_id=1498"},"modified":"2024-05-28T12:02:10","modified_gmt":"2024-05-28T10:02:10","slug":"visit-the-golfe-du-morbihan","status":"publish","type":"page","link":"https:\/\/www.residenceleliberte-vannescentre.com\/en\/tourism\/visit-the-golfe-du-morbihan\/","title":{"rendered":"RHUYS PENINSULA"},"content":{"rendered":"<div data-elementor-type=\"wp-page\" data-elementor-id=\"1498\" class=\"elementor elementor-1498\" data-elementor-post-type=\"page\">\n\t\t\t\t<div class=\"elementor-element elementor-element-6d2c3873 e-con-full e-flex e-con e-parent\" data-id=\"6d2c3873\" data-element_type=\"container\" data-settings=\"{&quot;background_background&quot;:&quot;classic&quot;}\">\n\t\t\t\t<div class=\"elementor-element elementor-element-466ad0bc elementor-widget elementor-widget-heading\" data-id=\"466ad0bc\" data-element_type=\"widget\" data-widget_type=\"heading.default\">\n\t\t\t\t<div class=\"elementor-widget-container\">\n\t\t\t\t\t<span class=\"elementor-heading-title elementor-size-default\">RHUYS PENINSULA<\/span>\t\t\t\t<\/div>\n\t\t\t\t<\/div>\n\t\t\t\t<div class=\"elementor-element elementor-element-e37f927 elementor-widget elementor-widget-heading\" data-id=\"e37f927\" data-element_type=\"widget\" data-widget_type=\"heading.default\">\n\t\t\t\t<div class=\"elementor-widget-container\">\n\t\t\t\t\t<h1 class=\"elementor-heading-title elementor-size-default\">Visit the Gulf of Morbihan<\/h1>\t\t\t\t<\/div>\n\t\t\t\t<\/div>\n\t\t\t\t<\/div>\n\t\t<div class=\"elementor-element elementor-element-181ca25d e-con-full e-flex e-con e-parent\" data-id=\"181ca25d\" data-element_type=\"container\">\n\t\t\t\t<div class=\"elementor-element elementor-element-68f4b34d elementor-mobile-align-center elementor-widget elementor-widget-button\" data-id=\"68f4b34d\" data-element_type=\"widget\" data-widget_type=\"button.default\">\n\t\t\t\t<div class=\"elementor-widget-container\">\n\t\t\t\t\t\t\t\t\t<div class=\"elementor-button-wrapper\">\n\t\t\t\t\t<a class=\"elementor-button elementor-button-link elementor-size-sm\" href=\"https:\/\/www.residenceleliberte-vannescentre.com\/en\/tourism\/appart-hotel-golfe-du-morbihan\/\">\n\t\t\t\t\t\t<span class=\"elementor-button-content-wrapper\">\n\t\t\t\t\t\t<span class=\"elementor-button-icon\">\n\t\t\t\t<i aria-hidden=\"true\" class=\"eliofont eliofont-arrow-left\"><\/i>\t\t\t<\/span>\n\t\t\t\t\t\t\t\t\t<span class=\"elementor-button-text\">Previous destination<\/span>\n\t\t\t\t\t<\/span>\n\t\t\t\t\t<\/a>\n\t\t\t\t<\/div>\n\t\t\t\t\t\t\t\t<\/div>\n\t\t\t\t<\/div>\n\t\t\t\t<div class=\"elementor-element elementor-element-14f51ce0 elementor-mobile-align-center elementor-widget elementor-widget-button\" data-id=\"14f51ce0\" data-element_type=\"widget\" data-widget_type=\"button.default\">\n\t\t\t\t<div class=\"elementor-widget-container\">\n\t\t\t\t\t\t\t\t\t<div class=\"elementor-button-wrapper\">\n\t\t\t\t\t<a class=\"elementor-button elementor-button-link elementor-size-sm\" href=\"https:\/\/www.residenceleliberte-vannescentre.com\/en\/tourism\/visit-morbihan-2\/\">\n\t\t\t\t\t\t<span class=\"elementor-button-content-wrapper\">\n\t\t\t\t\t\t<span class=\"elementor-button-icon\">\n\t\t\t\t<i aria-hidden=\"true\" class=\"eliofont eliofont-arrow-right\"><\/i>\t\t\t<\/span>\n\t\t\t\t\t\t\t\t\t<span class=\"elementor-button-text\">Next destination<\/span>\n\t\t\t\t\t<\/span>\n\t\t\t\t\t<\/a>\n\t\t\t\t<\/div>\n\t\t\t\t\t\t\t\t<\/div>\n\t\t\t\t<\/div>\n\t\t\t\t<\/div>\n\t\t<div class=\"elementor-element elementor-element-106d8d7 e-con-full fade-bloc e-flex e-con e-parent\" data-id=\"106d8d7\" data-element_type=\"container\" data-settings=\"{&quot;background_background&quot;:&quot;classic&quot;}\">\n\t\t<div class=\"elementor-element elementor-element-25a0fd9 e-con-full fade-content e-flex e-con e-parent\" data-id=\"25a0fd9\" data-element_type=\"container\" data-settings=\"{&quot;background_background&quot;:&quot;classic&quot;}\">\n\t\t<div class=\"elementor-element elementor-element-df1f01d e-flex e-con-boxed e-con e-parent\" data-id=\"df1f01d\" data-element_type=\"container\">\n\t\t\t\t\t<div class=\"e-con-inner\">\n\t\t\t\t<div class=\"elementor-element elementor-element-4803416 fade-title elementor-widget elementor-widget-heading\" data-id=\"4803416\" data-element_type=\"widget\" data-widget_type=\"heading.default\">\n\t\t\t\t<div class=\"elementor-widget-container\">\n\t\t\t\t\t<h2 class=\"elementor-heading-title elementor-size-default\">Presqu'\u00eele de Rhuys to visit the Gulf of Morbihan<\/h2>\t\t\t\t<\/div>\n\t\t\t\t<\/div>\n\t\t\t\t<div class=\"elementor-element elementor-element-fe193be fade-text elementor-widget elementor-widget-text-editor\" data-id=\"fe193be\" data-element_type=\"widget\" data-widget_type=\"text-editor.default\">\n\t\t\t\t<div class=\"elementor-widget-container\">\n\t\t\t\t\t\t\t\t\t<p>Still wondering what you can do in Morbihan? The Presqu'\u00eele de Rhuys is a must! You can visit the Ch\u00e2teau de Suscinio in Sarzeau, with its medieval fortress that takes you back to the time of the Dukes of Brittany in the 15th century, in this mix of land, wind and sea.<br \/>The Rhuys peninsula offers panoramic views over the Atlantic Ocean and the Gulf of Morbihan. With its hook shape, it's a real eye-catcher, and you'll find it hard to take your eyes off it!<\/p><p>On the north side, you can contemplate the oyster beds and even observe them at close quarters on a kayak trip. It's an original way to whet your appetite and look forward to a lunch of fresh bread with salted butter! What's more, depending on the season, the salt marshes of Lasn\u00e9 are not far from the salt workers, so you can discover their know-how.<\/p><p>At the tip of the peninsula is the entrance to the Gulf of Morbihan at Port Navalo. On the south side, towards the Atlantic, the beaches welcome you and the breezes remind you that you're in Brittany. It's time to take a deep breath of iodine bliss!<\/p>\t\t\t\t\t\t\t\t<\/div>\n\t\t\t\t<\/div>\n\t\t\t\t\t<\/div>\n\t\t\t\t<\/div>\n\t\t\t\t<\/div>\n\t\t<div class=\"elementor-element elementor-element-c968b2e e-con-full e-flex e-con e-parent\" data-id=\"c968b2e\" data-element_type=\"container\" data-settings=\"{&quot;background_background&quot;:&quot;classic&quot;}\">\n\t\t\t\t<\/div>\n\t\t\t\t<\/div>\n\t\t\t\t<\/div>","protected":false},"excerpt":{"rendered":"<p>Visit the Gulf of Morbihan Previous destination Next destination Presqu'\u00eele de Rhuys to visit the Gulf of Morbihan Are you still wondering what you can do in Morbihan? The Presqu'\u00eele de Rhuys is a must! You can visit the Ch\u00e2teau de Suscinio in Sarzeau, with its medieval fortress that will [...]<\/p>","protected":false},"author":13,"featured_media":0,"parent":67,"menu_order":0,"comment_status":"closed","ping_status":"closed","template":"","meta":{"_acf_changed":false,"inline_featured_image":false,"footnotes":""},"class_list":["post-1498","page","type-page","status-publish","hentry"],"acf":[],"_links":{"self":[{"href":"https:\/\/www.residenceleliberte-vannescentre.com\/en\/wp-json\/wp\/v2\/pages\/1498","targetHints":{"allow":["GET"]}}],"collection":[{"href":"https:\/\/www.residenceleliberte-vannescentre.com\/en\/wp-json\/wp\/v2\/pages"}],"about":[{"href":"https:\/\/www.residenceleliberte-vannescentre.com\/en\/wp-json\/wp\/v2\/types\/page"}],"author":[{"embeddable":true,"href":"https:\/\/www.residenceleliberte-vannescentre.com\/en\/wp-json\/wp\/v2\/users\/13"}],"replies":[{"embeddable":true,"href":"https:\/\/www.residenceleliberte-vannescentre.com\/en\/wp-json\/wp\/v2\/comments?post=1498"}],"version-history":[{"count":44,"href":"https:\/\/www.residenceleliberte-vannescentre.com\/en\/wp-json\/wp\/v2\/pages\/1498\/revisions"}],"predecessor-version":[{"id":3666,"href":"https:\/\/www.residenceleliberte-vannescentre.com\/en\/wp-json\/wp\/v2\/pages\/1498\/revisions\/3666"}],"up":[{"embeddable":true,"href":"https:\/\/www.residenceleliberte-vannescentre.com\/en\/wp-json\/wp\/v2\/pages\/67"}],"wp:attachment":[{"href":"https:\/\/www.residenceleliberte-vannescentre.com\/en\/wp-json\/wp\/v2\/media?parent=1498"}],"curies":[{"name":"wp","href":"https:\/\/api.w.org\/{rel}","templated":true}]}}